{"id":2145,"date":"2023-01-19T17:05:14","date_gmt":"2023-01-19T17:05:14","guid":{"rendered":"https:\/\/africadeluxe.es\/2145-2"},"modified":"2023-01-19T17:05:14","modified_gmt":"2023-01-19T17:05:14","slug":"2145-2","status":"publish","type":"page","link":"https:\/\/africadeluxe.es\/de\/2145-2","title":{"rendered":""},"content":{"rendered":"\n<div class=\"wp-block-image\"><figure class=\"aligncenter size-full is-resized\"><img loading=\"lazy\" decoding=\"async\" src=\"https:\/\/africadeluxe.es\/wp-content\/uploads\/2021\/11\/connecto-1.png\" alt=\"\" class=\"wp-image-681\" width=\"351\" height=\"118\" srcset=\"https:\/\/africadeluxe.es\/wp-content\/uploads\/2021\/11\/connecto-1.png 794w, https:\/\/africadeluxe.es\/wp-content\/uploads\/2021\/11\/connecto-1-300x101.png 300w, https:\/\/africadeluxe.es\/wp-content\/uploads\/2021\/11\/connecto-1-768x258.png 768w, https:\/\/africadeluxe.es\/wp-content\/uploads\/2021\/11\/connecto-1-600x202.png 600w\" sizes=\"auto, (max-width: 351px) 100vw, 351px\" \/><\/figure><\/div>\n\n\n\n<div style=\"height:83px\" aria-hidden=\"true\" class=\"wp-block-spacer\"><\/div>\n\n\n\n<p class=\"has-text-align-center\">Falls Du noch weitere Fragen hast, dann sind wir f\u00fcr Dich da \u2013 f\u00fcr uns ist jeder Kunde speziell. Wir freuen uns \u00fcber jede Art von Fragen, \u00dcberlegungen oder Anregungen und wir hoffen, euch auf jeden Fall anworten zu k\u00f6nnen<\/p>\n\n\n\n<div style=\"height:52px\" aria-hidden=\"true\" class=\"wp-block-spacer\"><\/div>\n\n\n\n<div class=\"wp-block-columns is-layout-flex wp-container-core-columns-is-layout-9d6595d7 wp-block-columns-is-layout-flex\">\n<div class=\"wp-block-column is-layout-flow wp-block-column-is-layout-flow\"><\/div>\n<\/div>\n\n\n<style>#kt-layout-id_12564a-24 > .kt-row-column-wrap{align-content:start;}:where(#kt-layout-id_12564a-24 > .kt-row-column-wrap) > .wp-block-kadence-column{justify-content:start;}#kt-layout-id_12564a-24 > .kt-row-column-wrap{column-gap:var(--global-kb-gap-md, 2rem);row-gap:var(--global-kb-gap-md, 2rem);max-width:1000px;margin-left:auto;margin-right:auto;padding-top:var( --global-kb-row-default-top, 25px );padding-bottom:var( --global-kb-row-default-bottom, 25px );padding-top:37px;padding-bottom:0px;padding-left:25px;padding-right:25px;grid-template-columns:repeat(2, minmax(0, 1fr));}#kt-layout-id_12564a-24 > .kt-row-layout-overlay{opacity:0.30;}@media all and (max-width: 1024px){#kt-layout-id_12564a-24 > .kt-row-column-wrap{grid-template-columns:repeat(2, minmax(0, 1fr));}}@media all and (max-width: 767px){#kt-layout-id_12564a-24 > .kt-row-column-wrap{grid-template-columns:minmax(0, 1fr);}}<\/style>\n<div class=\"wp-block-kadence-rowlayout alignnone\"><div id=\"kt-layout-id_12564a-24\" class=\"kt-row-layout-inner kt-layout-id_12564a-24\"><div class=\"kt-row-column-wrap kt-has-2-columns kt-gutter-default kt-v-gutter-default kt-row-valign-top kt-row-layout-equal kt-tab-layout-inherit kt-m-colapse-left-to-right kt-mobile-layout-row\"><style>.kadence-column_291e64-e5 > .kt-inside-inner-col{border-top-width:0px;border-right-width:0px;border-bottom-width:0px;border-left-width:0px;}.kadence-column_291e64-e5 > .kt-inside-inner-col,.kadence-column_291e64-e5 > .kt-inside-inner-col:before{border-top-left-radius:0px;border-top-right-radius:0px;border-bottom-right-radius:0px;border-bottom-left-radius:0px;}.kadence-column_291e64-e5 > .kt-inside-inner-col{column-gap:var(--global-kb-gap-sm, 1rem);}.kadence-column_291e64-e5 > .kt-inside-inner-col{flex-direction:column;}.kadence-column_291e64-e5 > .kt-inside-inner-col > .aligncenter{width:100%;}.kadence-column_291e64-e5 > .kt-inside-inner-col:before{opacity:0.3;}.kadence-column_291e64-e5{position:relative;}@media all and (max-width: 1024px){.kadence-column_291e64-e5 > .kt-inside-inner-col{flex-direction:column;justify-content:center;}}@media all and (max-width: 767px){.kadence-column_291e64-e5 > .kt-inside-inner-col{flex-direction:column;justify-content:center;}}<\/style>\n<div class=\"wp-block-kadence-column inner-column-1 kadence-column_291e64-e5\"><div class=\"kt-inside-inner-col\"><style>.wp-block-kadence-column.kb-section-dir-horizontal > .kt-inside-inner-col > #kt-info-box_cde34c-57 .kt-blocks-info-box-link-wrap{max-width:unset;}#kt-info-box_cde34c-57 .kt-blocks-info-box-link-wrap{border-radius:20px;border-top-width:5px;border-right-width:5px;border-bottom-width:5px;border-left-width:5px;background:#000000;padding-top:24px;padding-right:24px;padding-bottom:24px;padding-left:24px;margin-top:50px;}#kt-info-box_cde34c-57 .kt-blocks-info-box-link-wrap:hover{background:#000000;}#kt-info-box_cde34c-57 .kadence-info-box-icon-container .kt-info-svg-icon, #kt-info-box_cde34c-57 .kt-info-svg-icon-flip, #kt-info-box_cde34c-57 .kt-blocks-info-box-number{font-size:50px;}#kt-info-box_cde34c-57 .kt-blocks-info-box-media{color:#e1ae38;background:#ffffff;border-color:#e1ae38;border-radius:200px;overflow:hidden;border-top-width:5px;border-right-width:5px;border-bottom-width:5px;border-left-width:5px;padding-top:20px;padding-right:20px;padding-bottom:20px;padding-left:20px;}#kt-info-box_cde34c-57 .kt-blocks-info-box-media-container{margin-top:-75px;margin-right:0px;margin-bottom:20px;margin-left:0px;}#kt-info-box_cde34c-57 .kt-blocks-info-box-media .kadence-info-box-image-intrisic img{border-radius:200px;}#kt-info-box_cde34c-57 .kt-blocks-info-box-link-wrap:hover .kt-blocks-info-box-media{color:#e1ae38;background:#ffffff;border-color:#eeeeee;}#kt-info-box_cde34c-57 .kt-blocks-info-box-link-wrap .kt-blocks-info-box-media{border-width:0px;box-shadow:inset 0 0 0 5px #e1ae38;}#kt-info-box_cde34c-57 .kt-blocks-info-box-link-wrap .kt-blocks-info-box-media:before, #kt-info-box_cde34c-57 .kt-blocks-info-box-link-wrap .kt-blocks-info-box-media:after{border-radius:200px;}#kt-info-box_cde34c-57 .kt-blocks-info-box-link-wrap .kt-blocks-info-box-media:before{border-width:5px;}#kt-info-box_cde34c-57 .kt-blocks-info-box-link-wrap:hover .kt-blocks-info-box-media:after{border-right-color:#eeeeee;border-right-width:5px;border-top-width:5px;border-bottom-width:5px;}#kt-info-box_cde34c-57 .kt-blocks-info-box-link-wrap:hover .kt-blocks-info-box-media:before{border-top-color:#eeeeee;border-right-color:#eeeeee;border-bottom-color:#eeeeee;}#kt-info-box_cde34c-57 .kt-infobox-textcontent h2.kt-blocks-info-box-title{color:#ffffff;font-style:normal;font-weight:normal;padding-top:0px;padding-right:0px;padding-bottom:0px;padding-left:0px;margin-top:5px;margin-right:0px;margin-bottom:10px;margin-left:0px;}#kt-info-box_cde34c-57 .kt-blocks-info-box-link-wrap:hover h2.kt-blocks-info-box-title{color:#ffffff;}#kt-info-box_cde34c-57 .kt-infobox-textcontent .kt-blocks-info-box-text{color:#ffffff;}#kt-info-box_cde34c-57 .kt-blocks-info-box-link-wrap:hover .kt-blocks-info-box-text{color:#ffffff;}#kt-info-box_cde34c-57 .kt-blocks-info-box-learnmore{background:transparent;border-width:0px 0px 0px 0px;padding-top:4px;padding-right:8px;padding-bottom:4px;padding-left:8px;margin-top:10px;margin-right:0px;margin-bottom:10px;margin-left:0px;}<\/style>\n<div id=\"kt-info-box_cde34c-57\" class=\"wp-block-kadence-infobox\"><a class=\"kt-blocks-info-box-link-wrap info-box-link kt-blocks-info-box-media-align-top kt-info-halign-center\"><div class=\"kt-blocks-info-box-media-container\"><div class=\"kt-blocks-info-box-media kt-info-media-animate-drawborder\"><div class=\"kadence-info-box-icon-container kt-info-icon-animate-drawborder\"><div class=\"kadence-info-box-icon-inner-container\"><span style=\"display:block;justify-content:center;align-items:center\" class=\"kt-info-svg-icon kt-info-svg-icon-fe_mail\"><svg style=\"display:inline-block;vertical-align:middle\" viewbox=\"0 0 24 24\" height=\"50\" width=\"50\" fill=\"none\" stroke=\"currentColor\" xmlns=\"http:\/\/www.w3.org\/2000\/svg\" stroke-width=\"2\" stroke-linecap=\"round\" stroke-linejoin=\"round\" aria-hidden=\"true\"><path d=\"M4 4h16c1.1 0 2 .9 2 2v12c0 1.1-.9 2-2 2H4c-1.1 0-2-.9-2-2V6c0-1.1.9-2 2-2z\"><\/path><polyline points=\"22,6 12,13 2,6\"><\/polyline><\/svg><\/span><\/div><\/div><\/div><\/div><div class=\"kt-infobox-textcontent\"><h2 class=\"kt-blocks-info-box-title\">Email<\/h2><p class=\"kt-blocks-info-box-text\">Hast Du noch weiter Fragen? Schicke uns einfach eine Email und wir werden uns so schnell wie m\u00f6glich bei Dir melden<br><br><strong>info@africadeluxe.es<\/strong><\/p><\/div><\/a><\/div>\n\n\n\n<p><\/p>\n<\/div><\/div>\n\n\n<style>.kadence-column_3c7009-d2 > .kt-inside-inner-col{border-top-width:0px;border-right-width:0px;border-bottom-width:0px;border-left-width:0px;}.kadence-column_3c7009-d2 > .kt-inside-inner-col,.kadence-column_3c7009-d2 > .kt-inside-inner-col:before{border-top-left-radius:0px;border-top-right-radius:0px;border-bottom-right-radius:0px;border-bottom-left-radius:0px;}.kadence-column_3c7009-d2 > .kt-inside-inner-col{column-gap:var(--global-kb-gap-sm, 1rem);}.kadence-column_3c7009-d2 > .kt-inside-inner-col{flex-direction:column;}.kadence-column_3c7009-d2 > .kt-inside-inner-col > .aligncenter{width:100%;}.kadence-column_3c7009-d2 > .kt-inside-inner-col:before{opacity:0.3;}.kadence-column_3c7009-d2{position:relative;}@media all and (max-width: 1024px){.kadence-column_3c7009-d2 > .kt-inside-inner-col{flex-direction:column;justify-content:center;}}@media all and (max-width: 767px){.kadence-column_3c7009-d2 > .kt-inside-inner-col{flex-direction:column;justify-content:center;}}<\/style>\n<div class=\"wp-block-kadence-column inner-column-2 kadence-column_3c7009-d2\"><div class=\"kt-inside-inner-col\"><style>.wp-block-kadence-column.kb-section-dir-horizontal > .kt-inside-inner-col > #kt-info-box_eddcda-2c .kt-blocks-info-box-link-wrap{max-width:unset;}#kt-info-box_eddcda-2c .kt-blocks-info-box-link-wrap{border-radius:20px;border-top-width:5px;border-right-width:5px;border-bottom-width:5px;border-left-width:5px;background:#000000;padding-top:24px;padding-right:24px;padding-bottom:24px;padding-left:24px;margin-top:50px;}#kt-info-box_eddcda-2c .kt-blocks-info-box-link-wrap:hover{background:#000000;}#kt-info-box_eddcda-2c .kadence-info-box-icon-container .kt-info-svg-icon, #kt-info-box_eddcda-2c .kt-info-svg-icon-flip, #kt-info-box_eddcda-2c .kt-blocks-info-box-number{font-size:50px;}#kt-info-box_eddcda-2c .kt-blocks-info-box-media{color:#e1ae38;background:#ffffff;border-color:#e1ae38;border-radius:200px;overflow:hidden;border-top-width:5px;border-right-width:5px;border-bottom-width:5px;border-left-width:5px;padding-top:20px;padding-right:20px;padding-bottom:20px;padding-left:20px;}#kt-info-box_eddcda-2c .kt-blocks-info-box-media-container{margin-top:-75px;margin-right:0px;margin-bottom:20px;margin-left:0px;}#kt-info-box_eddcda-2c .kt-blocks-info-box-media .kadence-info-box-image-intrisic img{border-radius:200px;}#kt-info-box_eddcda-2c .kt-blocks-info-box-link-wrap:hover .kt-blocks-info-box-media{color:#e1ae38;background:#ffffff;border-color:#eeeeee;}#kt-info-box_eddcda-2c .kt-blocks-info-box-link-wrap .kt-blocks-info-box-media{border-width:0px;box-shadow:inset 0 0 0 5px #e1ae38;}#kt-info-box_eddcda-2c .kt-blocks-info-box-link-wrap .kt-blocks-info-box-media:before, #kt-info-box_eddcda-2c .kt-blocks-info-box-link-wrap .kt-blocks-info-box-media:after{border-radius:200px;}#kt-info-box_eddcda-2c .kt-blocks-info-box-link-wrap .kt-blocks-info-box-media:before{border-width:5px;}#kt-info-box_eddcda-2c .kt-blocks-info-box-link-wrap:hover .kt-blocks-info-box-media:after{border-right-color:#eeeeee;border-right-width:5px;border-top-width:5px;border-bottom-width:5px;}#kt-info-box_eddcda-2c .kt-blocks-info-box-link-wrap:hover .kt-blocks-info-box-media:before{border-top-color:#eeeeee;border-right-color:#eeeeee;border-bottom-color:#eeeeee;}#kt-info-box_eddcda-2c .kt-infobox-textcontent h2.kt-blocks-info-box-title{color:#ffffff;font-style:normal;font-weight:normal;padding-top:0px;padding-right:0px;padding-bottom:0px;padding-left:0px;margin-top:5px;margin-right:0px;margin-bottom:10px;margin-left:0px;}#kt-info-box_eddcda-2c .kt-blocks-info-box-link-wrap:hover h2.kt-blocks-info-box-title{color:#ffffff;}#kt-info-box_eddcda-2c .kt-infobox-textcontent .kt-blocks-info-box-text{color:#ffffff;}#kt-info-box_eddcda-2c .kt-blocks-info-box-link-wrap:hover .kt-blocks-info-box-text{color:#ffffff;}#kt-info-box_eddcda-2c .kt-blocks-info-box-learnmore{background:transparent;border-color:#555555;border-width:0px 0px 0px 0px;padding-top:4px;padding-right:8px;padding-bottom:4px;padding-left:8px;margin-top:10px;margin-right:0px;margin-bottom:10px;margin-left:0px;}#kt-info-box_eddcda-2c .kt-blocks-info-box-link-wrap:hover .kt-blocks-info-box-learnmore,#kt-info-box_eddcda-2c .kt-blocks-info-box-link-wrap .kt-blocks-info-box-learnmore:focus{color:#ffffff;background:#444444;border-color:#444444;}<\/style>\n<div id=\"kt-info-box_eddcda-2c\" class=\"wp-block-kadence-infobox\"><a class=\"kt-blocks-info-box-link-wrap info-box-link kt-blocks-info-box-media-align-top kt-info-halign-center\"><div class=\"kt-blocks-info-box-media-container\"><div class=\"kt-blocks-info-box-media kt-info-media-animate-drawborder\"><div class=\"kadence-info-box-icon-container kt-info-icon-animate-drawborder\"><div class=\"kadence-info-box-icon-inner-container\"><span style=\"display:block;justify-content:center;align-items:center\" class=\"kt-info-svg-icon kt-info-svg-icon-fe_phoneCall\"><svg style=\"display:inline-block;vertical-align:middle\" viewbox=\"0 0 24 24\" height=\"50\" width=\"50\" fill=\"none\" stroke=\"currentColor\" xmlns=\"http:\/\/www.w3.org\/2000\/svg\" stroke-width=\"2\" stroke-linecap=\"round\" stroke-linejoin=\"round\" aria-hidden=\"true\"><path d=\"M15.05 5A5 5 0 0 1 19 8.95M15.05 1A9 9 0 0 1 23 8.94m-1 7.98v3a2 2 0 0 1-2.18 2 19.79 19.79 0 0 1-8.63-3.07 19.5 19.5 0 0 1-6-6 19.79 19.79 0 0 1-3.07-8.67A2 2 0 0 1 4.11 2h3a2 2 0 0 1 2 1.72 12.84 12.84 0 0 0 .7 2.81 2 2 0 0 1-.45 2.11L8.09 9.91a16 16 0 0 0 6 6l1.27-1.27a2 2 0 0 1 2.11-.45 12.84 12.84 0 0 0 2.81.7A2 2 0 0 1 22 16.92z\"><\/path><\/svg><\/span><\/div><\/div><\/div><\/div><div class=\"kt-infobox-textcontent\"><h2 class=\"kt-blocks-info-box-title\">Phone<\/h2><p class=\"kt-blocks-info-box-text\">M\u00f6chtest Du mit uns sprechen? <br>Dann schreibe uns einfach \u00fcber Whatsapp und wir werden Dir weiterhelfen.<br><br><strong>+34 666 861 823<\/strong><\/p><\/div><\/a><\/div>\n<\/div><\/div>\n<\/div><\/div><\/div>\n\n\n\n<div class=\"wp-block-image\"><figure class=\"aligncenter size-full is-resized\"><img loading=\"lazy\" decoding=\"async\" src=\"https:\/\/africadeluxe.es\/wp-content\/uploads\/2021\/11\/safari-1.png\" alt=\"\" class=\"wp-image-627\" width=\"95\" height=\"95\" srcset=\"https:\/\/africadeluxe.es\/wp-content\/uploads\/2021\/11\/safari-1.png 500w, https:\/\/africadeluxe.es\/wp-content\/uploads\/2021\/11\/safari-1-300x300.png 300w, https:\/\/africadeluxe.es\/wp-content\/uploads\/2021\/11\/safari-1-150x150.png 150w, https:\/\/africadeluxe.es\/wp-content\/uploads\/2021\/11\/safari-1-140x140.png 140w, https:\/\/africadeluxe.es\/wp-content\/uploads\/2021\/11\/safari-1-50x50.png 50w, https:\/\/africadeluxe.es\/wp-content\/uploads\/2021\/11\/safari-1-80x80.png 80w, https:\/\/africadeluxe.es\/wp-content\/uploads\/2021\/11\/safari-1-100x100.png 100w\" sizes=\"auto, (max-width: 95px) 100vw, 95px\" \/><\/figure><\/div>\n\n\n<style>#kt-layout-id_34b0e6-0c > .kt-row-column-wrap{align-content:start;}:where(#kt-layout-id_34b0e6-0c > .kt-row-column-wrap) > .wp-block-kadence-column{justify-content:start;}#kt-layout-id_34b0e6-0c > .kt-row-column-wrap{column-gap:var(--global-kb-gap-md, 2rem);row-gap:var(--global-kb-gap-md, 2rem);max-width:600px;margin-left:auto;margin-right:auto;padding-top:var( --global-kb-row-default-top, 25px );padding-bottom:var( --global-kb-row-default-bottom, 25px );padding-top:60px;padding-bottom:60px;padding-left:25px;padding-right:25px;grid-template-columns:minmax(0, 1fr);}#kt-layout-id_34b0e6-0c{background-color:var(--global-palette8, #F7FAFC);background-image:url('https:\/\/africadeluxe.es\/wp-content\/uploads\/2021\/11\/fergus-so-c33FdqxHKxE-unsplash-1-scaled.jpg');background-size:cover;background-position:50% 63%;background-attachment:fixed;background-repeat:no-repeat;}#kt-layout-id_34b0e6-0c > .kt-row-layout-overlay{opacity:0.30;background-color:#000000;}@media all and (max-width: 1024px), only screen and (min-device-width: 1024px) and (max-device-width: 1366px) and (-webkit-min-device-pixel-ratio: 2) and (hover: none){#kt-layout-id_34b0e6-0c{background-attachment:scroll;}}@media all and (max-width: 1024px){#kt-layout-id_34b0e6-0c > .kt-row-column-wrap{grid-template-columns:minmax(0, 1fr);}}@media all and (max-width: 767px){#kt-layout-id_34b0e6-0c > .kt-row-column-wrap{grid-template-columns:minmax(0, 1fr);}}<\/style>\n<div class=\"wp-block-kadence-rowlayout alignfull\"><div id=\"kt-layout-id_34b0e6-0c\" class=\"kt-row-layout-inner kt-row-has-bg kt-layout-id_34b0e6-0c kt-jarallax has-theme-palette-8-background-color\"><div class=\"kt-row-layout-overlay kt-row-overlay-normal\"><\/div><div class=\"kt-row-column-wrap kt-has-1-columns kt-gutter-default kt-v-gutter-default kt-row-valign-top kt-row-layout-equal kt-tab-layout-inherit kt-m-colapse-left-to-right kt-mobile-layout-row\"><style>.kadence-column_4454f3-a4 > .kt-inside-inner-col{border-top-width:0px;border-right-width:0px;border-bottom-width:0px;border-left-width:0px;}.kadence-column_4454f3-a4 > .kt-inside-inner-col,.kadence-column_4454f3-a4 > .kt-inside-inner-col:before{border-top-left-radius:0px;border-top-right-radius:0px;border-bottom-right-radius:0px;border-bottom-left-radius:0px;}.kadence-column_4454f3-a4 > .kt-inside-inner-col{column-gap:var(--global-kb-gap-sm, 1rem);}.kadence-column_4454f3-a4 > .kt-inside-inner-col{flex-direction:column;}.kadence-column_4454f3-a4 > .kt-inside-inner-col > .aligncenter{width:100%;}.kadence-column_4454f3-a4 > .kt-inside-inner-col:before{opacity:0.3;}.kadence-column_4454f3-a4{position:relative;}@media all and (max-width: 1024px){.kadence-column_4454f3-a4 > .kt-inside-inner-col{flex-direction:column;justify-content:center;}}@media all and (max-width: 767px){.kadence-column_4454f3-a4 > .kt-inside-inner-col{flex-direction:column;justify-content:center;}}<\/style>\n<div class=\"wp-block-kadence-column inner-column-1 kadence-column_4454f3-a4\"><div class=\"kt-inside-inner-col\"><style>.kadence-form-_1648c7-40 .kb-form .kadence-blocks-form-field .kb-text-style-field, .kadence-form-_1648c7-40 .kb-form .kadence-blocks-form-field .kb-select-style-field{color:#ffffff;border-color:#abb8c3;}.kadence-form-_1648c7-40 .kb-form .kadence-blocks-form-field .kb-forms-submit{color:#ffffff;background:#000000;box-shadow:inset 1px 1px 2px 0px rgba(0, 0, 0, 0.2);}.kadence-form-_1648c7-40 .kb-form .kadence-blocks-form-field .kb-forms-submit:hover, .kadence-form-_1648c7-40 .kb-form .kadence-blocks-form-field .kb-forms-submit:focus {color:#e1ae38;background:#000000;}.kadence-form-_1648c7-40 .kb-form .kadence-blocks-form-field .kb-forms-submit{font-style:normal;font-weight:regular;}.kb-form input.kadence-blocks-field.verify{opacity:0.0;position:absolute;top:0.0;left:0.0;width:0.0;height:0.0;z-index:-1;}<\/style>\n<div class=\"wp-block-kadence-form kadence-form-_1648c7-40 kb-form-wrap\"><form class=\"kb-form\" action=\"\" method=\"post\"><div class=\"kadence-blocks-form-field kb-field-desk-width-100 kb-input-size-standard\"><input name=\"kb_field_0\" id=\"kb_field__1648c7-40_0\" data-label=\"Name\" type=\"text\" placeholder=\"Full Name\" value=\"\" data-type=\"text\" class=\"kb-field kb-text-style-field kb-text-field kb-field-0\"><\/div><div class=\"kadence-blocks-form-field kb-form-field-1 kb-field-desk-width-100 kb-input-size-standard\"><input name=\"kb_field_1\" id=\"kb_field__1648c7-40_1\" data-label=\"Email\" type=\"email\" placeholder=\"Email Address\" value=\"\" data-type=\"email\" class=\"kb-field kb-text-style-field kb-email-field kb-field-1\" data-required=\"yes\"><\/div><div class=\"kadence-blocks-form-field kb-form-field-2 kb-field-desk-width-100 kb-input-size-standard\"><textarea name=\"kb_field_2\" id=\"kb_field__1648c7-40_2\" data-label=\"Message\" type=\"textarea\" placeholder=\"Type your comments to questions here...\" data-type=\"textarea\" class=\"kb-field kb-text-style-field kb-textarea-field kb-field-2\" rows=\"4\" data-required=\"yes\"><\/textarea><\/div><input type=\"hidden\" name=\"_kb_form_id\" value=\"_1648c7-40\"><input type=\"hidden\" name=\"_kb_form_post_id\" value=\"2145\"><input type=\"hidden\" name=\"action\" value=\"kb_process_ajax_submit\"><input class=\"kadence-blocks-field verify\" type=\"text\" name=\"_kb_verify_email\" autocomplete=\"off\" aria-hidden=\"true\" placeholder=\"Email\" tabindex=\"-1\"><div class=\"kadence-blocks-form-field kb-submit-field kb-field-desk-width-100\"><button class=\"kb-forms-submit button kb-button-size-standard kb-button-width-full\">SEND NOW<\/button><\/div><\/form><\/div>\n<noscript><div class=\"kadence-blocks-form-message kadence-blocks-form-warning\">Bitte aktiviere JavaScript in deinem Browser, um dieses Formular fertigzustellen.<\/div><style>.kadence-form-_1648c7-40 .kadence-blocks-form-field.kb-submit-field { display: none; }<\/style><\/noscript><\/div><\/div>\n<\/div><\/div><\/div>\n","protected":false},"excerpt":{"rendered":"<p>Falls Du noch weitere Fragen hast, dann sind wir f\u00fcr Dich da \u2013 f\u00fcr uns ist jeder Kunde speziell. Wir freuen uns \u00fcber jede Art von Fragen, \u00dcberlegungen oder Anregungen<\/p>\n<p class=\"more-link\"><a href=\"https:\/\/africadeluxe.es\/de\/2145-2\" class=\"readmore\">Continue reading<svg class=\"icon icon-arrow-right\" aria-hidden=\"true\" role=\"img\"> <use href=\"#icon-arrow-right\" xlink:href=\"#icon-arrow-right\"><\/use> <\/svg><span class=\"screen-reader-text\"><\/span><\/a><\/p>\n","protected":false},"author":1,"featured_media":0,"parent":0,"menu_order":0,"comment_status":"closed","ping_status":"closed","template":"","meta":{"content-type":"","footnotes":""},"class_list":["post-2145","page","type-page","status-publish","hentry"],"_links":{"self":[{"href":"https:\/\/africadeluxe.es\/de\/wp-json\/wp\/v2\/pages\/2145","targetHints":{"allow":["GET"]}}],"collection":[{"href":"https:\/\/africadeluxe.es\/de\/wp-json\/wp\/v2\/pages"}],"about":[{"href":"https:\/\/africadeluxe.es\/de\/wp-json\/wp\/v2\/types\/page"}],"author":[{"embeddable":true,"href":"https:\/\/africadeluxe.es\/de\/wp-json\/wp\/v2\/users\/1"}],"replies":[{"embeddable":true,"href":"https:\/\/africadeluxe.es\/de\/wp-json\/wp\/v2\/comments?post=2145"}],"version-history":[{"count":0,"href":"https:\/\/africadeluxe.es\/de\/wp-json\/wp\/v2\/pages\/2145\/revisions"}],"wp:attachment":[{"href":"https:\/\/africadeluxe.es\/de\/wp-json\/wp\/v2\/media?parent=2145"}],"curies":[{"name":"wp","href":"https:\/\/api.w.org\/{rel}","templated":true}]}}