{"id":2151,"date":"2023-01-19T17:46:57","date_gmt":"2023-01-19T17:46:57","guid":{"rendered":"https:\/\/africadeluxe.es\/untitled-2"},"modified":"2023-01-19T17:47:01","modified_gmt":"2023-01-19T17:47:01","slug":"untitled-2","status":"publish","type":"page","link":"https:\/\/africadeluxe.es\/de\/untitled-2","title":{"rendered":"Untitled"},"content":{"rendered":"\n<p><\/p>\n\n\n<style>#kt-layout-id_b7b2eb-ce{margin-top:-200px;}#kt-layout-id_b7b2eb-ce > .kt-row-column-wrap{align-content:start;}:where(#kt-layout-id_b7b2eb-ce > .kt-row-column-wrap) > .wp-block-kadence-column{justify-content:start;}#kt-layout-id_b7b2eb-ce > .kt-row-column-wrap{column-gap:var(--global-kb-gap-md, 2rem);row-gap:var(--global-kb-gap-md, 2rem);max-width:1200px;margin-left:auto;margin-right:auto;padding-top:var( --global-kb-row-default-top, 25px );padding-bottom:var( --global-kb-row-default-bottom, 25px );padding-top:38px;padding-bottom:150px;padding-left:25px;padding-right:25px;grid-template-columns:minmax(0, 1fr);}#kt-layout-id_b7b2eb-ce{background-image:url('https:\/\/africadeluxe.es\/wp-content\/uploads\/2021\/11\/zebras-gd8fd34fcd_1920.jpg');background-size:cover;background-position:57.99999999999999% 40%;background-attachment:scroll;background-repeat:no-repeat;}#kt-layout-id_b7b2eb-ce > .kt-row-layout-overlay{opacity:0.46;background-image:linear-gradient(104deg, #000000 0%, rgba(255, 255, 255, 0) 69%);}#kt-layout-id_b7b2eb-ce ,#kt-layout-id_b7b2eb-ce h1,#kt-layout-id_b7b2eb-ce h2,#kt-layout-id_b7b2eb-ce h3,#kt-layout-id_b7b2eb-ce h4,#kt-layout-id_b7b2eb-ce h5,#kt-layout-id_b7b2eb-ce h6{color:#ffffff;}@media all and (max-width: 1024px){#kt-layout-id_b7b2eb-ce > .kt-row-column-wrap{grid-template-columns:minmax(0, 1fr);}}@media all and (max-width: 767px){#kt-layout-id_b7b2eb-ce > .kt-row-column-wrap{padding-top:50px;padding-bottom:80px;grid-template-columns:minmax(0, 1fr);}#kt-layout-id_b7b2eb-ce{background-image:url('https:\/\/africadeluxe.es\/wp-content\/uploads\/2021\/11\/safari-g6dd579002_1920-1.jpg');background-size:cover;background-position:50% 23%;background-attachment:scroll;background-repeat:no-repeat;}#kt-layout-id_b7b2eb-ce > .kt-row-layout-overlay{opacity:0.50;background:#000000;}}<\/style>\n<div class=\"wp-block-kadence-rowlayout alignfull\"><div id=\"kt-layout-id_b7b2eb-ce\" class=\"kt-row-layout-inner kt-row-has-bg kt-layout-id_b7b2eb-ce\"><div class=\"kt-row-layout-overlay kt-row-overlay-gradient\"><\/div><div class=\"kt-row-column-wrap kt-has-1-columns kt-gutter-default kt-v-gutter-default kt-row-valign-top kt-row-layout-equal kt-tab-layout-inherit kt-m-colapse-left-to-right kt-mobile-layout-row\"><style>.kadence-column_c45fde-0e > .kt-inside-inner-col{border-top-width:0px;border-right-width:0px;border-bottom-width:0px;border-left-width:0px;}.kadence-column_c45fde-0e > .kt-inside-inner-col,.kadence-column_c45fde-0e > .kt-inside-inner-col:before{border-top-left-radius:0px;border-top-right-radius:0px;border-bottom-right-radius:0px;border-bottom-left-radius:0px;}.kadence-column_c45fde-0e > .kt-inside-inner-col{column-gap:var(--global-kb-gap-sm, 1rem);}.kadence-column_c45fde-0e > .kt-inside-inner-col{flex-direction:column;}.kadence-column_c45fde-0e > .kt-inside-inner-col > .aligncenter{width:100%;}.kadence-column_c45fde-0e > .kt-inside-inner-col:before{opacity:0.3;}.kadence-column_c45fde-0e{position:relative;}@media all and (max-width: 1024px){.kadence-column_c45fde-0e > .kt-inside-inner-col{flex-direction:column;justify-content:center;}}@media all and (max-width: 767px){.kadence-column_c45fde-0e > .kt-inside-inner-col{flex-direction:column;justify-content:center;}}<\/style>\n<div class=\"wp-block-kadence-column inner-column-1 kadence-column_c45fde-0e\"><div class=\"kt-inside-inner-col\"><style>.wp-block-kadence-advancedheading.kt-adv-heading_8ce42d-66, .wp-block-kadence-advancedheading.kt-adv-heading_8ce42d-66[data-kb-block=\"kb-adv-heading_8ce42d-66\"]{text-align:left;font-size:20px;font-weight:normal;font-style:normal;text-transform:uppercase;letter-spacing:4.7px;text-shadow:1px 1px 1px rgba(0, 0, 0, 0.2);}.wp-block-kadence-advancedheading.kt-adv-heading_8ce42d-66 mark.kt-highlight, .wp-block-kadence-advancedheading.kt-adv-heading_8ce42d-66[data-kb-block=\"kb-adv-heading_8ce42d-66\"] mark.kt-highlight{font-weight:normal;font-style:normal;color:#f76a0c;-webkit-box-decoration-break:clone;box-decoration-break:clone;padding-top:0px;padding-right:0px;padding-bottom:0px;padding-left:0px;}.wp-block-kadence-advancedheading.kt-adv-heading_8ce42d-66 img.kb-inline-image, .wp-block-kadence-advancedheading.kt-adv-heading_8ce42d-66[data-kb-block=\"kb-adv-heading_8ce42d-66\"] img.kb-inline-image{width:150px;vertical-align:baseline;}@media all and (max-width: 1024px){.wp-block-kadence-advancedheading.kt-adv-heading_8ce42d-66, .wp-block-kadence-advancedheading.kt-adv-heading_8ce42d-66[data-kb-block=\"kb-adv-heading_8ce42d-66\"]{text-shadow:1px 1px 1px rgba(0, 0, 0, 0.2);}}@media all and (max-width: 767px){.wp-block-kadence-advancedheading.kt-adv-heading_8ce42d-66, .wp-block-kadence-advancedheading.kt-adv-heading_8ce42d-66[data-kb-block=\"kb-adv-heading_8ce42d-66\"]{text-shadow:1px 1px 1px rgba(0, 0, 0, 0.2);}}<\/style>\n<h4 class=\"kt-adv-heading_8ce42d-66 wp-block-kadence-advancedheading has-white-color has-text-color\" data-kb-block=\"kb-adv-heading_8ce42d-66\">Be Inspired<\/h4>\n\n\n<style>.wp-block-kadence-advancedheading.kt-adv-heading_338f48-e6, .wp-block-kadence-advancedheading.kt-adv-heading_338f48-e6[data-kb-block=\"kb-adv-heading_338f48-e6\"]{margin-top:2px;margin-bottom:2px;font-size:60px;line-height:1.2em;font-weight:normal;font-style:normal;text-transform:none;color:#ffffff;text-shadow:1px 1px 1px rgba(0, 0, 0, 0.2);}.wp-block-kadence-advancedheading.kt-adv-heading_338f48-e6 mark.kt-highlight, .wp-block-kadence-advancedheading.kt-adv-heading_338f48-e6[data-kb-block=\"kb-adv-heading_338f48-e6\"] mark.kt-highlight{font-weight:normal;font-style:normal;color:#f76a0c;-webkit-box-decoration-break:clone;box-decoration-break:clone;padding-top:0px;padding-right:0px;padding-bottom:0px;padding-left:0px;}.wp-block-kadence-advancedheading.kt-adv-heading_338f48-e6 img.kb-inline-image, .wp-block-kadence-advancedheading.kt-adv-heading_338f48-e6[data-kb-block=\"kb-adv-heading_338f48-e6\"] img.kb-inline-image{width:150px;vertical-align:baseline;}@media all and (max-width: 1024px){.wp-block-kadence-advancedheading.kt-adv-heading_338f48-e6, .wp-block-kadence-advancedheading.kt-adv-heading_338f48-e6[data-kb-block=\"kb-adv-heading_338f48-e6\"]{text-shadow:1px 1px 1px rgba(0, 0, 0, 0.2);}}@media all and (max-width: 767px){.wp-block-kadence-advancedheading.kt-adv-heading_338f48-e6, .wp-block-kadence-advancedheading.kt-adv-heading_338f48-e6[data-kb-block=\"kb-adv-heading_338f48-e6\"]{text-shadow:1px 1px 1px rgba(0, 0, 0, 0.2);}}<\/style>\n<h1 class=\"kt-adv-heading_338f48-e6 wp-block-kadence-advancedheading\" data-kb-block=\"kb-adv-heading_338f48-e6\"><img loading=\"lazy\" decoding=\"async\" width=\"500\" height=\"273\" class=\"wp-image-1397\" style=\"width: 500px;\" src=\"https:\/\/africadeluxe.es\/wp-content\/uploads\/2022\/12\/our.png\" alt=\"\" srcset=\"https:\/\/africadeluxe.es\/wp-content\/uploads\/2022\/12\/our.png 1896w, https:\/\/africadeluxe.es\/wp-content\/uploads\/2022\/12\/our-300x164.png 300w, https:\/\/africadeluxe.es\/wp-content\/uploads\/2022\/12\/our-1024x559.png 1024w, https:\/\/africadeluxe.es\/wp-content\/uploads\/2022\/12\/our-768x419.png 768w, https:\/\/africadeluxe.es\/wp-content\/uploads\/2022\/12\/our-1536x838.png 1536w, https:\/\/africadeluxe.es\/wp-content\/uploads\/2022\/12\/our-600x328.png 600w\" sizes=\"auto, (max-width: 500px) 100vw, 500px\" \/><\/h1>\n\n\n\n<p><\/p>\n<\/div><\/div>\n<\/div><\/div><\/div>\n\n\n\n<div class=\"wp-block-columns alignfull is-layout-flex wp-container-core-columns-is-layout-9d6595d7 wp-block-columns-is-layout-flex\">\n<div class=\"wp-block-column is-layout-flow wp-block-column-is-layout-flow\" style=\"flex-basis:66.66%\"><\/div>\n\n\n\n<div class=\"wp-block-column is-layout-flow wp-block-column-is-layout-flow\" style=\"flex-basis:33.33%\"><\/div>\n<\/div>\n\n\n<div class=\"wp-block-image\">\n<figure class=\"aligncenter size-full is-resized\"><img loading=\"lazy\" decoding=\"async\" src=\"https:\/\/africadeluxe.es\/wp-content\/uploads\/2021\/11\/safari-1.png\" alt=\"\" class=\"wp-image-627\" width=\"101\" height=\"101\" srcset=\"https:\/\/africadeluxe.es\/wp-content\/uploads\/2021\/11\/safari-1.png 500w, https:\/\/africadeluxe.es\/wp-content\/uploads\/2021\/11\/safari-1-300x300.png 300w, https:\/\/africadeluxe.es\/wp-content\/uploads\/2021\/11\/safari-1-150x150.png 150w, https:\/\/africadeluxe.es\/wp-content\/uploads\/2021\/11\/safari-1-140x140.png 140w, https:\/\/africadeluxe.es\/wp-content\/uploads\/2021\/11\/safari-1-50x50.png 50w, https:\/\/africadeluxe.es\/wp-content\/uploads\/2021\/11\/safari-1-80x80.png 80w, https:\/\/africadeluxe.es\/wp-content\/uploads\/2021\/11\/safari-1-100x100.png 100w\" sizes=\"auto, (max-width: 101px) 100vw, 101px\" \/><\/figure>\n<\/div>\n\n<style>#kt-layout-id_dbf56d-4f > .kt-row-column-wrap{align-content:center;}:where(#kt-layout-id_dbf56d-4f > .kt-row-column-wrap) > .wp-block-kadence-column{justify-content:center;}#kt-layout-id_dbf56d-4f > .kt-row-column-wrap{column-gap:var(--global-kb-gap-none, 0rem );row-gap:var(--global-kb-gap-md, 2rem);padding-top:var( --global-kb-row-default-top, 25px );padding-bottom:var( --global-kb-row-default-bottom, 25px );padding-top:0px;padding-bottom:0px;padding-left:0px;padding-right:0px;grid-template-columns:minmax(0, 1fr);}#kt-layout-id_dbf56d-4f > .kt-row-layout-overlay{opacity:0.30;}@media all and (max-width: 1024px){#kt-layout-id_dbf56d-4f > .kt-row-column-wrap{grid-template-columns:minmax(0, 1fr);}}@media all and (max-width: 767px){#kt-layout-id_dbf56d-4f > .kt-row-column-wrap{grid-template-columns:minmax(0, 1fr);}}<\/style>\n<div class=\"wp-block-kadence-rowlayout alignfull\"><div id=\"kt-layout-id_dbf56d-4f\" class=\"kt-row-layout-inner kt-layout-id_dbf56d-4f\"><div class=\"kt-row-column-wrap kt-has-1-columns kt-gutter-none kt-v-gutter-default kt-row-valign-middle kt-row-layout-equal kt-tab-layout-inherit kt-m-colapse-left-to-right kt-mobile-layout-row\"><style>.kadence-column_77de9f-58 > .kt-inside-inner-col{border-top-width:0px;border-right-width:0px;border-bottom-width:0px;border-left-width:0px;}.kadence-column_77de9f-58 > .kt-inside-inner-col,.kadence-column_77de9f-58 > .kt-inside-inner-col:before{border-top-left-radius:0px;border-top-right-radius:0px;border-bottom-right-radius:0px;border-bottom-left-radius:0px;}.kadence-column_77de9f-58 > .kt-inside-inner-col{column-gap:var(--global-kb-gap-sm, 1rem);}.kadence-column_77de9f-58 > .kt-inside-inner-col{flex-direction:column;}.kadence-column_77de9f-58 > .kt-inside-inner-col > .aligncenter{width:100%;}.kadence-column_77de9f-58 > .kt-inside-inner-col:before{opacity:0.3;}.kadence-column_77de9f-58{position:relative;}@media all and (max-width: 1024px){.kadence-column_77de9f-58 > .kt-inside-inner-col{flex-direction:column;justify-content:center;}}@media all and (max-width: 767px){.kadence-column_77de9f-58 > .kt-inside-inner-col{flex-direction:column;justify-content:center;}}<\/style>\n<div class=\"wp-block-kadence-column inner-column-1 kadence-column_77de9f-58\"><div class=\"kt-inside-inner-col\"><div class=\"wp-block-image\">\n<figure class=\"aligncenter size-full is-resized\"><img loading=\"lazy\" decoding=\"async\" src=\"https:\/\/africadeluxe.es\/wp-content\/uploads\/2021\/11\/Sin-titulo-11.png\" alt=\"\" class=\"wp-image-674\" width=\"180\" height=\"30\" srcset=\"https:\/\/africadeluxe.es\/wp-content\/uploads\/2021\/11\/Sin-titulo-11.png 486w, https:\/\/africadeluxe.es\/wp-content\/uploads\/2021\/11\/Sin-titulo-11-300x49.png 300w\" sizes=\"auto, (max-width: 180px) 100vw, 180px\" \/><\/figure>\n<\/div>\n\n\n<p class=\"has-text-align-center has-white-color has-text-color\"><strong>Wir praktizieren \u201cSlow Travel\u201d<\/strong><\/p>\n\n\n\n<p class=\"has-text-align-center has-white-color has-text-color\">F\u00fcr uns sind die Reisen eine einzigartige Erfahrung, um sich zu erholen und gleichzeitig um jeden Ort mit seinem eigenen speziellen Charm zu erleben und zu geniessen. Wir machen all das ohne Hektik, mit Liebe zum Detail. Nat\u00fcrlich kennen wir auch die Sitten und Gepflogenheiten aller Orte, die wir besuchen werden, speziell dort wo man mit den lokalen St\u00e4mmen in Kontakt kommt. Wir arbeiten unerm\u00fcdlich, damit die Erfahrung des Kunden ein Erlebnis voller Emotion wird, das er niemals vergisst.<\/p>\n\n\n\n<p class=\"has-text-align-center has-white-color has-text-color\"><strong>L\u00e4ssiger Luxus ist unser \u201cWay of Life\u201d<\/strong> <\/p>\n\n\n\n<p class=\"has-text-align-center has-white-color has-text-color\">Wir versuchen, den konventionellen Turismus zu vermeiden, und entwerfen daher kundenspezifische Reisen, sowohl f\u00fcr Leute, die alleine unterwegs sind, als auch f\u00fcr Reisegruppen. Wichtig ist, dass die Kunden das Gef\u00fchl haben, dass die Reise es wert war. Was uns auszeichnet: unser guter Geschmack, das Streben nach Perfektion noch so kleiner Details, und nat\u00fcrlich die Auswahl der besten Hotels und exklusivsten Reiserouten auf allen f\u00fcnf Kontinenten. Hinzu kommt unsere Erfahrung, Kreativit\u00e4t und Leidenschaft f\u00fcr unsere Arbeit, alles Gr\u00fcnde f\u00fcr unser Prestige und Erfolg was die Organisation von Luxusreisen anbelangt.<\/p>\n\n\n\n<p class=\"has-text-align-center has-white-color has-text-color\"><strong>Wir sind an Deiner Seite<\/strong> <\/p>\n\n\n\n<p class=\"has-text-align-center has-white-color has-text-color\">Bei uns ist es kein leeres Versprechen, sonder wir sind wirklich an Deiner Seite. Wir wissen aus eigener Erfahrung, dass auf Reisen Fragen, Zweifel oder andere unerwartete Zwischenf\u00e4lle aufkommen k\u00f6nnen. Unser Team wird zu jeder Zeit f\u00fcr Dich da sein, damit Du Dich sicher f\u00fchlst und entspannen kannst \u2013 schliesslich solltest Du Dich voll und ganz darauf konzentrieren, diese einmalige Erfahrung im Leben geniessen zu k\u00f6nnen.<\/p>\n\n\n\n<p class=\"has-text-align-center has-white-color has-text-color\"><strong>Wir geben uns nicht mit der erstbesten L\u00f6sung zufrieden und machen keine leeren Versprechen.<\/strong>&nbsp;Ganz im Gegenteil, wir bieten Luxusreisen an und kennen den Typ von Kunden, der diese Art von Reisen bucht, und welche Anspr\u00fcche er hat, sehr genau. Daher wirst Du als Premium-Kunde bei uns ganz spezielle Optionen f\u00fcr Deine Reisew\u00fcnsche finden \u2013 das genaue Gegenteil vom normalen Massenturismus.<\/p>\n\n\n\n<p class=\"has-text-align-center\"><\/p>\n\n\n<div class=\"wp-block-image\">\n<figure class=\"aligncenter size-full is-resized\"><img loading=\"lazy\" decoding=\"async\" src=\"https:\/\/africadeluxe.es\/wp-content\/uploads\/2021\/11\/Sin-titulo-11.png\" alt=\"\" class=\"wp-image-674\" width=\"180\" height=\"30\" srcset=\"https:\/\/africadeluxe.es\/wp-content\/uploads\/2021\/11\/Sin-titulo-11.png 486w, https:\/\/africadeluxe.es\/wp-content\/uploads\/2021\/11\/Sin-titulo-11-300x49.png 300w\" sizes=\"auto, (max-width: 180px) 100vw, 180px\" \/><\/figure>\n<\/div>\n\n\n<p><\/p>\n<\/div><\/div>\n<\/div><\/div><\/div>\n\n\n<div class=\"wp-block-image\">\n<figure class=\"aligncenter size-full is-resized\"><img loading=\"lazy\" decoding=\"async\" src=\"https:\/\/africadeluxe.es\/wp-content\/uploads\/2021\/11\/safari-1.png\" alt=\"\" class=\"wp-image-627\" width=\"101\" height=\"101\" srcset=\"https:\/\/africadeluxe.es\/wp-content\/uploads\/2021\/11\/safari-1.png 500w, https:\/\/africadeluxe.es\/wp-content\/uploads\/2021\/11\/safari-1-300x300.png 300w, https:\/\/africadeluxe.es\/wp-content\/uploads\/2021\/11\/safari-1-150x150.png 150w, https:\/\/africadeluxe.es\/wp-content\/uploads\/2021\/11\/safari-1-140x140.png 140w, https:\/\/africadeluxe.es\/wp-content\/uploads\/2021\/11\/safari-1-50x50.png 50w, https:\/\/africadeluxe.es\/wp-content\/uploads\/2021\/11\/safari-1-80x80.png 80w, https:\/\/africadeluxe.es\/wp-content\/uploads\/2021\/11\/safari-1-100x100.png 100w\" sizes=\"auto, (max-width: 101px) 100vw, 101px\" \/><\/figure>\n<\/div>\n\n\n<div class=\"wp-block-columns is-layout-flex wp-container-core-columns-is-layout-9d6595d7 wp-block-columns-is-layout-flex\">\n<div class=\"wp-block-column is-layout-flow wp-block-column-is-layout-flow\">\n<p><\/p>\n<\/div>\n<\/div>\n\n\n<style>#kt-layout-id_5e7a1c-c2 > .kt-row-column-wrap{align-content:center;}:where(#kt-layout-id_5e7a1c-c2 > .kt-row-column-wrap) > .wp-block-kadence-column{justify-content:center;}#kt-layout-id_5e7a1c-c2 > .kt-row-column-wrap{column-gap:var(--global-kb-gap-none, 0rem );row-gap:var(--global-kb-gap-md, 2rem);padding-top:var( --global-kb-row-default-top, 25px );padding-bottom:var( --global-kb-row-default-bottom, 25px );padding-top:0px;padding-bottom:0px;padding-left:0px;padding-right:0px;grid-template-columns:minmax(0, 1fr);}#kt-layout-id_5e7a1c-c2{border-top-left-radius:0px;border-top-right-radius:0px;border-bottom-right-radius:0px;border-bottom-left-radius:0px;}#kt-layout-id_5e7a1c-c2{background-color:var(--global-palette7, #EDF2F7);}#kt-layout-id_5e7a1c-c2 > .kt-row-layout-overlay{opacity:0.47;}#kt-layout-id_5e7a1c-c2 .kt-row-layout-bottom-sep{height:100px;}#kt-layout-id_5e7a1c-c2 .kt-row-layout-bottom-sep svg{width:100%;}#kt-layout-id_5e7a1c-c2 .kt-row-layout-bottom-sep svg{fill:#ffffff!important;}#kt-layout-id_5e7a1c-c2 .kt-row-layout-top-sep{height:100px;}#kt-layout-id_5e7a1c-c2 .kt-row-layout-top-sep svg{width:100%;}#kt-layout-id_5e7a1c-c2 .kt-row-layout-top-sep svg{fill:#ffffff!important;}@media all and (max-width: 1024px){#kt-layout-id_5e7a1c-c2 > .kt-row-column-wrap{grid-template-columns:minmax(0, 1fr);}}@media all and (max-width: 1024px){#kt-layout-id_5e7a1c-c2 .kt-row-layout-bottom-sep{height:px;}}@media all and (max-width: 1024px){#kt-layout-id_5e7a1c-c2 .kt-row-layout-bottom-sep svg{width:%;}}@media all and (max-width: 767px){#kt-layout-id_5e7a1c-c2 > .kt-row-column-wrap{grid-template-columns:minmax(0, 1fr);}#kt-layout-id_5e7a1c-c2 .kt-row-layout-bottom-sep{height:px;}#kt-layout-id_5e7a1c-c2 .kt-row-layout-bottom-sep svg{width:%;}}<\/style>\n<div class=\"wp-block-kadence-rowlayout alignfull\"><div id=\"kt-layout-id_5e7a1c-c2\" class=\"kt-row-layout-inner kt-row-has-bg kt-layout-id_5e7a1c-c2 has-theme-palette-7-background-color\"><div class=\"kt-row-column-wrap kt-has-1-columns kt-gutter-none kt-v-gutter-default kt-row-valign-middle kt-row-layout-equal kt-tab-layout-inherit kt-m-colapse-left-to-right kt-mobile-layout-row\"><style>.kadence-column_89c7c6-d9 > .kt-inside-inner-col{border-top-width:0px;border-right-width:0px;border-bottom-width:0px;border-left-width:0px;}.kadence-column_89c7c6-d9 > .kt-inside-inner-col,.kadence-column_89c7c6-d9 > .kt-inside-inner-col:before{border-top-left-radius:0px;border-top-right-radius:0px;border-bottom-right-radius:0px;border-bottom-left-radius:0px;}.kadence-column_89c7c6-d9 > .kt-inside-inner-col{column-gap:var(--global-kb-gap-sm, 1rem);}.kadence-column_89c7c6-d9 > .kt-inside-inner-col{flex-direction:column;}.kadence-column_89c7c6-d9 > .kt-inside-inner-col > .aligncenter{width:100%;}.kadence-column_89c7c6-d9 > .kt-inside-inner-col:before{opacity:0.3;}.kadence-column_89c7c6-d9{position:relative;}@media all and (max-width: 1024px){.kadence-column_89c7c6-d9 > .kt-inside-inner-col{flex-direction:column;justify-content:center;}}@media all and (max-width: 767px){.kadence-column_89c7c6-d9 > .kt-inside-inner-col{flex-direction:column;justify-content:center;}}<\/style>\n<div class=\"wp-block-kadence-column inner-column-1 kadence-column_89c7c6-d9\"><div class=\"kt-inside-inner-col\"><\/div><\/div>\n<\/div><\/div><\/div>\n\n\n\n<p><\/p>\n","protected":false},"excerpt":{"rendered":"<p>Be Inspired Wir praktizieren \u201cSlow Travel\u201d F\u00fcr uns sind die Reisen eine einzigartige Erfahrung, um sich zu erholen und gleichzeitig um jeden Ort mit seinem eigenen speziellen Charm zu erleben<\/p>\n<p class=\"more-link\"><a href=\"https:\/\/africadeluxe.es\/de\/untitled-2\" class=\"readmore\">Continue reading<svg class=\"icon icon-arrow-right\" aria-hidden=\"true\" role=\"img\"> <use href=\"#icon-arrow-right\" xlink:href=\"#icon-arrow-right\"><\/use> <\/svg><span class=\"screen-reader-text\">Untitled<\/span><\/a><\/p>\n","protected":false},"author":1,"featured_media":0,"parent":0,"menu_order":0,"comment_status":"closed","ping_status":"closed","template":"templates\/full-width-page.php","meta":{"content-type":"","footnotes":""},"class_list":["post-2151","page","type-page","status-publish","hentry"],"_links":{"self":[{"href":"https:\/\/africadeluxe.es\/de\/wp-json\/wp\/v2\/pages\/2151","targetHints":{"allow":["GET"]}}],"collection":[{"href":"https:\/\/africadeluxe.es\/de\/wp-json\/wp\/v2\/pages"}],"about":[{"href":"https:\/\/africadeluxe.es\/de\/wp-json\/wp\/v2\/types\/page"}],"author":[{"embeddable":true,"href":"https:\/\/africadeluxe.es\/de\/wp-json\/wp\/v2\/users\/1"}],"replies":[{"embeddable":true,"href":"https:\/\/africadeluxe.es\/de\/wp-json\/wp\/v2\/comments?post=2151"}],"version-history":[{"count":1,"href":"https:\/\/africadeluxe.es\/de\/wp-json\/wp\/v2\/pages\/2151\/revisions"}],"predecessor-version":[{"id":2152,"href":"https:\/\/africadeluxe.es\/de\/wp-json\/wp\/v2\/pages\/2151\/revisions\/2152"}],"wp:attachment":[{"href":"https:\/\/africadeluxe.es\/de\/wp-json\/wp\/v2\/media?parent=2151"}],"curies":[{"name":"wp","href":"https:\/\/api.w.org\/{rel}","templated":true}]}}