{"id":2186,"date":"2023-01-20T11:09:46","date_gmt":"2023-01-20T11:09:46","guid":{"rendered":"https:\/\/africadeluxe.es\/untitled-2"},"modified":"2023-01-20T11:09:46","modified_gmt":"2023-01-20T11:09:46","slug":"untitled-2","status":"publish","type":"page","link":"https:\/\/africadeluxe.es\/fr\/untitled-2","title":{"rendered":"Untitled"},"content":{"rendered":"\n<p><\/p>\n\n\n<style>#kt-layout-id_b7b2eb-ce{margin-top:-200px;}#kt-layout-id_b7b2eb-ce > .kt-row-column-wrap{align-content:start;}:where(#kt-layout-id_b7b2eb-ce > .kt-row-column-wrap) > .wp-block-kadence-column{justify-content:start;}#kt-layout-id_b7b2eb-ce > .kt-row-column-wrap{column-gap:var(--global-kb-gap-md, 2rem);row-gap:var(--global-kb-gap-md, 2rem);max-width:1200px;margin-left:auto;margin-right:auto;padding-top:var( --global-kb-row-default-top, 25px );padding-bottom:var( --global-kb-row-default-bottom, 25px );padding-top:38px;padding-bottom:150px;padding-left:25px;padding-right:25px;grid-template-columns:minmax(0, 1fr);}#kt-layout-id_b7b2eb-ce{background-image:url('https:\/\/africadeluxe.es\/wp-content\/uploads\/2021\/11\/zebras-gd8fd34fcd_1920.jpg');background-size:cover;background-position:57.99999999999999% 40%;background-attachment:scroll;background-repeat:no-repeat;}#kt-layout-id_b7b2eb-ce > .kt-row-layout-overlay{opacity:0.46;background-image:linear-gradient(104deg, #000000 0%, rgba(255, 255, 255, 0) 69%);}#kt-layout-id_b7b2eb-ce ,#kt-layout-id_b7b2eb-ce h1,#kt-layout-id_b7b2eb-ce h2,#kt-layout-id_b7b2eb-ce h3,#kt-layout-id_b7b2eb-ce h4,#kt-layout-id_b7b2eb-ce h5,#kt-layout-id_b7b2eb-ce h6{color:#ffffff;}@media all and (max-width: 1024px){#kt-layout-id_b7b2eb-ce > .kt-row-column-wrap{grid-template-columns:minmax(0, 1fr);}}@media all and (max-width: 767px){#kt-layout-id_b7b2eb-ce > .kt-row-column-wrap{padding-top:50px;padding-bottom:80px;grid-template-columns:minmax(0, 1fr);}#kt-layout-id_b7b2eb-ce{background-image:url('https:\/\/africadeluxe.es\/wp-content\/uploads\/2021\/11\/safari-g6dd579002_1920-1.jpg');background-size:cover;background-position:50% 23%;background-attachment:scroll;background-repeat:no-repeat;}#kt-layout-id_b7b2eb-ce > .kt-row-layout-overlay{opacity:0.50;background:#000000;}}<\/style>\n<div class=\"wp-block-kadence-rowlayout alignfull\"><div id=\"kt-layout-id_b7b2eb-ce\" class=\"kt-row-layout-inner kt-row-has-bg kt-layout-id_b7b2eb-ce\"><div class=\"kt-row-layout-overlay kt-row-overlay-gradient\"><\/div><div class=\"kt-row-column-wrap kt-has-1-columns kt-gutter-default kt-v-gutter-default kt-row-valign-top kt-row-layout-equal kt-tab-layout-inherit kt-m-colapse-left-to-right kt-mobile-layout-row\"><style>.kadence-column_c45fde-0e > .kt-inside-inner-col{border-top-width:0px;border-right-width:0px;border-bottom-width:0px;border-left-width:0px;}.kadence-column_c45fde-0e > .kt-inside-inner-col,.kadence-column_c45fde-0e > .kt-inside-inner-col:before{border-top-left-radius:0px;border-top-right-radius:0px;border-bottom-right-radius:0px;border-bottom-left-radius:0px;}.kadence-column_c45fde-0e > .kt-inside-inner-col{column-gap:var(--global-kb-gap-sm, 1rem);}.kadence-column_c45fde-0e > .kt-inside-inner-col{flex-direction:column;}.kadence-column_c45fde-0e > .kt-inside-inner-col > .aligncenter{width:100%;}.kadence-column_c45fde-0e > .kt-inside-inner-col:before{opacity:0.3;}.kadence-column_c45fde-0e{position:relative;}@media all and (max-width: 1024px){.kadence-column_c45fde-0e > .kt-inside-inner-col{flex-direction:column;justify-content:center;}}@media all and (max-width: 767px){.kadence-column_c45fde-0e > .kt-inside-inner-col{flex-direction:column;justify-content:center;}}<\/style>\n<div class=\"wp-block-kadence-column inner-column-1 kadence-column_c45fde-0e\"><div class=\"kt-inside-inner-col\"><style>.wp-block-kadence-advancedheading.kt-adv-heading_8ce42d-66, .wp-block-kadence-advancedheading.kt-adv-heading_8ce42d-66[data-kb-block=\"kb-adv-heading_8ce42d-66\"]{text-align:left;font-size:20px;font-weight:normal;font-style:normal;text-transform:uppercase;letter-spacing:4.7px;text-shadow:1px 1px 1px rgba(0, 0, 0, 0.2);}.wp-block-kadence-advancedheading.kt-adv-heading_8ce42d-66 mark.kt-highlight, .wp-block-kadence-advancedheading.kt-adv-heading_8ce42d-66[data-kb-block=\"kb-adv-heading_8ce42d-66\"] mark.kt-highlight{font-weight:normal;font-style:normal;color:#f76a0c;-webkit-box-decoration-break:clone;box-decoration-break:clone;padding-top:0px;padding-right:0px;padding-bottom:0px;padding-left:0px;}.wp-block-kadence-advancedheading.kt-adv-heading_8ce42d-66 img.kb-inline-image, .wp-block-kadence-advancedheading.kt-adv-heading_8ce42d-66[data-kb-block=\"kb-adv-heading_8ce42d-66\"] img.kb-inline-image{width:150px;vertical-align:baseline;}@media all and (max-width: 1024px){.wp-block-kadence-advancedheading.kt-adv-heading_8ce42d-66, .wp-block-kadence-advancedheading.kt-adv-heading_8ce42d-66[data-kb-block=\"kb-adv-heading_8ce42d-66\"]{text-shadow:1px 1px 1px rgba(0, 0, 0, 0.2);}}@media all and (max-width: 767px){.wp-block-kadence-advancedheading.kt-adv-heading_8ce42d-66, .wp-block-kadence-advancedheading.kt-adv-heading_8ce42d-66[data-kb-block=\"kb-adv-heading_8ce42d-66\"]{text-shadow:1px 1px 1px rgba(0, 0, 0, 0.2);}}<\/style>\n<h4 class=\"kt-adv-heading_8ce42d-66 wp-block-kadence-advancedheading has-white-color has-text-color\" data-kb-block=\"kb-adv-heading_8ce42d-66\">Be Inspired<\/h4>\n\n\n<style>.wp-block-kadence-advancedheading.kt-adv-heading_338f48-e6, .wp-block-kadence-advancedheading.kt-adv-heading_338f48-e6[data-kb-block=\"kb-adv-heading_338f48-e6\"]{margin-top:2px;margin-bottom:2px;font-size:60px;line-height:1.2em;font-weight:normal;font-style:normal;text-transform:none;color:#ffffff;text-shadow:1px 1px 1px rgba(0, 0, 0, 0.2);}.wp-block-kadence-advancedheading.kt-adv-heading_338f48-e6 mark.kt-highlight, .wp-block-kadence-advancedheading.kt-adv-heading_338f48-e6[data-kb-block=\"kb-adv-heading_338f48-e6\"] mark.kt-highlight{font-weight:normal;font-style:normal;color:#f76a0c;-webkit-box-decoration-break:clone;box-decoration-break:clone;padding-top:0px;padding-right:0px;padding-bottom:0px;padding-left:0px;}.wp-block-kadence-advancedheading.kt-adv-heading_338f48-e6 img.kb-inline-image, .wp-block-kadence-advancedheading.kt-adv-heading_338f48-e6[data-kb-block=\"kb-adv-heading_338f48-e6\"] img.kb-inline-image{width:150px;vertical-align:baseline;}@media all and (max-width: 1024px){.wp-block-kadence-advancedheading.kt-adv-heading_338f48-e6, .wp-block-kadence-advancedheading.kt-adv-heading_338f48-e6[data-kb-block=\"kb-adv-heading_338f48-e6\"]{text-shadow:1px 1px 1px rgba(0, 0, 0, 0.2);}}@media all and (max-width: 767px){.wp-block-kadence-advancedheading.kt-adv-heading_338f48-e6, .wp-block-kadence-advancedheading.kt-adv-heading_338f48-e6[data-kb-block=\"kb-adv-heading_338f48-e6\"]{text-shadow:1px 1px 1px rgba(0, 0, 0, 0.2);}}<\/style>\n<h1 class=\"kt-adv-heading_338f48-e6 wp-block-kadence-advancedheading\" data-kb-block=\"kb-adv-heading_338f48-e6\"><img loading=\"lazy\" decoding=\"async\" width=\"500\" height=\"273\" class=\"wp-image-1397\" style=\"width: 500px;\" src=\"https:\/\/africadeluxe.es\/wp-content\/uploads\/2022\/12\/our.png\" alt=\"\" srcset=\"https:\/\/africadeluxe.es\/wp-content\/uploads\/2022\/12\/our.png 1896w, https:\/\/africadeluxe.es\/wp-content\/uploads\/2022\/12\/our-300x164.png 300w, https:\/\/africadeluxe.es\/wp-content\/uploads\/2022\/12\/our-1024x559.png 1024w, https:\/\/africadeluxe.es\/wp-content\/uploads\/2022\/12\/our-768x419.png 768w, https:\/\/africadeluxe.es\/wp-content\/uploads\/2022\/12\/our-1536x838.png 1536w, https:\/\/africadeluxe.es\/wp-content\/uploads\/2022\/12\/our-600x328.png 600w\" sizes=\"auto, (max-width: 500px) 100vw, 500px\" \/><\/h1>\n\n\n\n<p><\/p>\n<\/div><\/div>\n<\/div><\/div><\/div>\n\n\n\n<div class=\"wp-block-columns alignfull is-layout-flex wp-container-core-columns-is-layout-9d6595d7 wp-block-columns-is-layout-flex\">\n<div class=\"wp-block-column is-layout-flow wp-block-column-is-layout-flow\" style=\"flex-basis:66.66%\"><\/div>\n\n\n\n<div class=\"wp-block-column is-layout-flow wp-block-column-is-layout-flow\" style=\"flex-basis:33.33%\"><\/div>\n<\/div>\n\n\n<div class=\"wp-block-image\">\n<figure class=\"aligncenter size-full is-resized\"><img loading=\"lazy\" decoding=\"async\" src=\"https:\/\/africadeluxe.es\/wp-content\/uploads\/2021\/11\/safari-1.png\" alt=\"\" class=\"wp-image-627\" width=\"101\" height=\"101\" srcset=\"https:\/\/africadeluxe.es\/wp-content\/uploads\/2021\/11\/safari-1.png 500w, https:\/\/africadeluxe.es\/wp-content\/uploads\/2021\/11\/safari-1-300x300.png 300w, https:\/\/africadeluxe.es\/wp-content\/uploads\/2021\/11\/safari-1-150x150.png 150w, https:\/\/africadeluxe.es\/wp-content\/uploads\/2021\/11\/safari-1-140x140.png 140w, https:\/\/africadeluxe.es\/wp-content\/uploads\/2021\/11\/safari-1-50x50.png 50w, https:\/\/africadeluxe.es\/wp-content\/uploads\/2021\/11\/safari-1-80x80.png 80w, https:\/\/africadeluxe.es\/wp-content\/uploads\/2021\/11\/safari-1-100x100.png 100w\" sizes=\"auto, (max-width: 101px) 100vw, 101px\" \/><\/figure>\n<\/div>\n\n<style>#kt-layout-id_dbf56d-4f > .kt-row-column-wrap{align-content:center;}:where(#kt-layout-id_dbf56d-4f > .kt-row-column-wrap) > .wp-block-kadence-column{justify-content:center;}#kt-layout-id_dbf56d-4f > .kt-row-column-wrap{column-gap:var(--global-kb-gap-none, 0rem );row-gap:var(--global-kb-gap-md, 2rem);padding-top:var( --global-kb-row-default-top, 25px );padding-bottom:var( --global-kb-row-default-bottom, 25px );padding-top:0px;padding-bottom:0px;padding-left:0px;padding-right:0px;grid-template-columns:minmax(0, 1fr);}#kt-layout-id_dbf56d-4f > .kt-row-layout-overlay{opacity:0.30;}@media all and (max-width: 1024px){#kt-layout-id_dbf56d-4f > .kt-row-column-wrap{grid-template-columns:minmax(0, 1fr);}}@media all and (max-width: 767px){#kt-layout-id_dbf56d-4f > .kt-row-column-wrap{grid-template-columns:minmax(0, 1fr);}}<\/style>\n<div class=\"wp-block-kadence-rowlayout alignfull\"><div id=\"kt-layout-id_dbf56d-4f\" class=\"kt-row-layout-inner kt-layout-id_dbf56d-4f\"><div class=\"kt-row-column-wrap kt-has-1-columns kt-gutter-none kt-v-gutter-default kt-row-valign-middle kt-row-layout-equal kt-tab-layout-inherit kt-m-colapse-left-to-right kt-mobile-layout-row\"><style>.kadence-column_77de9f-58 > .kt-inside-inner-col{border-top-width:0px;border-right-width:0px;border-bottom-width:0px;border-left-width:0px;}.kadence-column_77de9f-58 > .kt-inside-inner-col,.kadence-column_77de9f-58 > .kt-inside-inner-col:before{border-top-left-radius:0px;border-top-right-radius:0px;border-bottom-right-radius:0px;border-bottom-left-radius:0px;}.kadence-column_77de9f-58 > .kt-inside-inner-col{column-gap:var(--global-kb-gap-sm, 1rem);}.kadence-column_77de9f-58 > .kt-inside-inner-col{flex-direction:column;}.kadence-column_77de9f-58 > .kt-inside-inner-col > .aligncenter{width:100%;}.kadence-column_77de9f-58 > .kt-inside-inner-col:before{opacity:0.3;}.kadence-column_77de9f-58{position:relative;}@media all and (max-width: 1024px){.kadence-column_77de9f-58 > .kt-inside-inner-col{flex-direction:column;justify-content:center;}}@media all and (max-width: 767px){.kadence-column_77de9f-58 > .kt-inside-inner-col{flex-direction:column;justify-content:center;}}<\/style>\n<div class=\"wp-block-kadence-column inner-column-1 kadence-column_77de9f-58\"><div class=\"kt-inside-inner-col\"><div class=\"wp-block-image\">\n<figure class=\"aligncenter size-full is-resized\"><img loading=\"lazy\" decoding=\"async\" src=\"https:\/\/africadeluxe.es\/wp-content\/uploads\/2021\/11\/Sin-titulo-11.png\" alt=\"\" class=\"wp-image-674\" width=\"180\" height=\"30\" srcset=\"https:\/\/africadeluxe.es\/wp-content\/uploads\/2021\/11\/Sin-titulo-11.png 486w, https:\/\/africadeluxe.es\/wp-content\/uploads\/2021\/11\/Sin-titulo-11-300x49.png 300w\" sizes=\"auto, (max-width: 180px) 100vw, 180px\" \/><\/figure>\n<\/div>\n\n\n<p class=\"has-text-align-center has-white-color has-text-color\"><strong>Nous pratiquons le Slow Travel<\/strong><\/p>\n\n\n\n<p class=\"has-text-align-center has-white-color has-text-color\">Nous concevons les voyages comme une exp\u00e9rience unique pour profiter et s&rsquo;impr\u00e9gner de la r\u00e9alit\u00e9 de chaque lieu. Et nous le faisons lentement, avec soin, en prenant soin de chaque d\u00e9tail, en connaissant les coutumes des lieux que nous visitons et en interagissant avec les communaut\u00e9s locales. Nous voulons que le voyageur vive une exp\u00e9rience pleine d&rsquo;\u00e9motion et inoubliable.<\/p>\n\n\n\n<p class=\"has-text-align-center has-white-color has-text-color\"><strong>Le luxe d\u00e9contract\u00e9 est notre mode de vie.<\/strong> <\/p>\n\n\n\n<p class=\"has-text-align-center has-white-color has-text-color\">Nous fuyons le tourisme conventionnel et concevons des voyages sur mesure et de groupe qui offrent une grande valeur au voyageur. Nous nous caract\u00e9risons par le bon go\u00fbt, la perfection dans chaque d\u00e9tail du voyage, le choix des h\u00f4tels les plus uniques au monde et les itin\u00e9raires et itin\u00e9raires les plus exclusifs \u00e0 travers les cinq continents. Tout cela ajout\u00e9 \u00e0 notre exp\u00e9rience, notre cr\u00e9ativit\u00e9 et notre passion pour ce que nous faisons a construit notre prestige et notre succ\u00e8s dans le grand voyage de luxe.<\/p>\n\n\n\n<p class=\"has-text-align-center has-white-color has-text-color\"><strong>Nous sommes \u00e0 vos c\u00f4t\u00e9s.<\/strong> <\/p>\n\n\n\n<p class=\"has-text-align-center has-white-color has-text-color\">Quand nous disons que c&rsquo;est pourquoi nous sommes vraiment. Nous savons, par exp\u00e9rience, que les voyageurs ont des doutes, des questions ou des craintes. Notre \u00e9quipe est \u00e0 vos c\u00f4t\u00e9s en tout temps pour vous offrir s\u00e9curit\u00e9 et tranquillit\u00e9 d&rsquo;esprit afin que votre seule pr\u00e9occupation soit de profiter de l&rsquo;exp\u00e9rience de votre vie.<\/p>\n\n\n\n<p class=\"has-text-align-center has-white-color has-text-color\"><strong>Nous ne valons rien.<\/strong>&nbsp;Nous ne vendons pas de fum\u00e9e, nous vendons des voyages de luxe et nous connaissons bien le client qui fait ce type de voyage et ce qu&rsquo;il attend d&rsquo;eux, donc en tant que client premium vous trouverez dans nos voyages quelque chose de plus que sp\u00e9cial en dehors du tourisme de masse et avec une valeur diff\u00e9rentielle \u00e9lev\u00e9e.<\/p>\n\n\n\n<p class=\"has-text-align-center\"><\/p>\n\n\n<div class=\"wp-block-image\">\n<figure class=\"aligncenter size-full is-resized\"><img loading=\"lazy\" decoding=\"async\" src=\"https:\/\/africadeluxe.es\/wp-content\/uploads\/2021\/11\/Sin-titulo-11.png\" alt=\"\" class=\"wp-image-674\" width=\"180\" height=\"30\" srcset=\"https:\/\/africadeluxe.es\/wp-content\/uploads\/2021\/11\/Sin-titulo-11.png 486w, https:\/\/africadeluxe.es\/wp-content\/uploads\/2021\/11\/Sin-titulo-11-300x49.png 300w\" sizes=\"auto, (max-width: 180px) 100vw, 180px\" \/><\/figure>\n<\/div>\n\n\n<p><\/p>\n<\/div><\/div>\n<\/div><\/div><\/div>\n\n\n<div class=\"wp-block-image\">\n<figure class=\"aligncenter size-full is-resized\"><img loading=\"lazy\" decoding=\"async\" src=\"https:\/\/africadeluxe.es\/wp-content\/uploads\/2021\/11\/safari-1.png\" alt=\"\" class=\"wp-image-627\" width=\"101\" height=\"101\" srcset=\"https:\/\/africadeluxe.es\/wp-content\/uploads\/2021\/11\/safari-1.png 500w, https:\/\/africadeluxe.es\/wp-content\/uploads\/2021\/11\/safari-1-300x300.png 300w, https:\/\/africadeluxe.es\/wp-content\/uploads\/2021\/11\/safari-1-150x150.png 150w, https:\/\/africadeluxe.es\/wp-content\/uploads\/2021\/11\/safari-1-140x140.png 140w, https:\/\/africadeluxe.es\/wp-content\/uploads\/2021\/11\/safari-1-50x50.png 50w, https:\/\/africadeluxe.es\/wp-content\/uploads\/2021\/11\/safari-1-80x80.png 80w, https:\/\/africadeluxe.es\/wp-content\/uploads\/2021\/11\/safari-1-100x100.png 100w\" sizes=\"auto, (max-width: 101px) 100vw, 101px\" \/><\/figure>\n<\/div>\n\n\n<div class=\"wp-block-columns is-layout-flex wp-container-core-columns-is-layout-9d6595d7 wp-block-columns-is-layout-flex\">\n<div class=\"wp-block-column is-layout-flow wp-block-column-is-layout-flow\">\n<p><\/p>\n<\/div>\n<\/div>\n\n\n<style>#kt-layout-id_5e7a1c-c2 > .kt-row-column-wrap{align-content:center;}:where(#kt-layout-id_5e7a1c-c2 > .kt-row-column-wrap) > .wp-block-kadence-column{justify-content:center;}#kt-layout-id_5e7a1c-c2 > .kt-row-column-wrap{column-gap:var(--global-kb-gap-none, 0rem );row-gap:var(--global-kb-gap-md, 2rem);padding-top:var( --global-kb-row-default-top, 25px );padding-bottom:var( --global-kb-row-default-bottom, 25px );padding-top:0px;padding-bottom:0px;padding-left:0px;padding-right:0px;grid-template-columns:minmax(0, 1fr);}#kt-layout-id_5e7a1c-c2{border-top-left-radius:0px;border-top-right-radius:0px;border-bottom-right-radius:0px;border-bottom-left-radius:0px;}#kt-layout-id_5e7a1c-c2{background-color:var(--global-palette7, #EDF2F7);}#kt-layout-id_5e7a1c-c2 > .kt-row-layout-overlay{opacity:0.47;}#kt-layout-id_5e7a1c-c2 .kt-row-layout-bottom-sep{height:100px;}#kt-layout-id_5e7a1c-c2 .kt-row-layout-bottom-sep svg{width:100%;}#kt-layout-id_5e7a1c-c2 .kt-row-layout-bottom-sep svg{fill:#ffffff!important;}#kt-layout-id_5e7a1c-c2 .kt-row-layout-top-sep{height:100px;}#kt-layout-id_5e7a1c-c2 .kt-row-layout-top-sep svg{width:100%;}#kt-layout-id_5e7a1c-c2 .kt-row-layout-top-sep svg{fill:#ffffff!important;}@media all and (max-width: 1024px){#kt-layout-id_5e7a1c-c2 > .kt-row-column-wrap{grid-template-columns:minmax(0, 1fr);}}@media all and (max-width: 1024px){#kt-layout-id_5e7a1c-c2 .kt-row-layout-bottom-sep{height:px;}}@media all and (max-width: 1024px){#kt-layout-id_5e7a1c-c2 .kt-row-layout-bottom-sep svg{width:%;}}@media all and (max-width: 767px){#kt-layout-id_5e7a1c-c2 > .kt-row-column-wrap{grid-template-columns:minmax(0, 1fr);}#kt-layout-id_5e7a1c-c2 .kt-row-layout-bottom-sep{height:px;}#kt-layout-id_5e7a1c-c2 .kt-row-layout-bottom-sep svg{width:%;}}<\/style>\n<div class=\"wp-block-kadence-rowlayout alignfull\"><div id=\"kt-layout-id_5e7a1c-c2\" class=\"kt-row-layout-inner kt-row-has-bg kt-layout-id_5e7a1c-c2 has-theme-palette-7-background-color\"><div class=\"kt-row-column-wrap kt-has-1-columns kt-gutter-none kt-v-gutter-default kt-row-valign-middle kt-row-layout-equal kt-tab-layout-inherit kt-m-colapse-left-to-right kt-mobile-layout-row\"><style>.kadence-column_89c7c6-d9 > .kt-inside-inner-col{border-top-width:0px;border-right-width:0px;border-bottom-width:0px;border-left-width:0px;}.kadence-column_89c7c6-d9 > .kt-inside-inner-col,.kadence-column_89c7c6-d9 > .kt-inside-inner-col:before{border-top-left-radius:0px;border-top-right-radius:0px;border-bottom-right-radius:0px;border-bottom-left-radius:0px;}.kadence-column_89c7c6-d9 > .kt-inside-inner-col{column-gap:var(--global-kb-gap-sm, 1rem);}.kadence-column_89c7c6-d9 > .kt-inside-inner-col{flex-direction:column;}.kadence-column_89c7c6-d9 > .kt-inside-inner-col > .aligncenter{width:100%;}.kadence-column_89c7c6-d9 > .kt-inside-inner-col:before{opacity:0.3;}.kadence-column_89c7c6-d9{position:relative;}@media all and (max-width: 1024px){.kadence-column_89c7c6-d9 > .kt-inside-inner-col{flex-direction:column;justify-content:center;}}@media all and (max-width: 767px){.kadence-column_89c7c6-d9 > .kt-inside-inner-col{flex-direction:column;justify-content:center;}}<\/style>\n<div class=\"wp-block-kadence-column inner-column-1 kadence-column_89c7c6-d9\"><div class=\"kt-inside-inner-col\"><\/div><\/div>\n<\/div><\/div><\/div>\n\n\n\n<p><\/p>\n","protected":false},"excerpt":{"rendered":"<p>Be Inspired Nous pratiquons le Slow Travel Nous concevons les voyages comme une exp\u00e9rience unique pour profiter et s&rsquo;impr\u00e9gner de la r\u00e9alit\u00e9 de chaque lieu. Et nous le faisons lentement,<\/p>\n<p class=\"more-link\"><a href=\"https:\/\/africadeluxe.es\/fr\/untitled-2\" class=\"readmore\">Continue reading<svg class=\"icon icon-arrow-right\" aria-hidden=\"true\" role=\"img\"> <use href=\"#icon-arrow-right\" xlink:href=\"#icon-arrow-right\"><\/use> <\/svg><span class=\"screen-reader-text\">Untitled<\/span><\/a><\/p>\n","protected":false},"author":1,"featured_media":0,"parent":0,"menu_order":0,"comment_status":"closed","ping_status":"closed","template":"templates\/full-width-page.php","meta":{"content-type":"","footnotes":""},"class_list":["post-2186","page","type-page","status-publish","hentry"],"_links":{"self":[{"href":"https:\/\/africadeluxe.es\/fr\/wp-json\/wp\/v2\/pages\/2186","targetHints":{"allow":["GET"]}}],"collection":[{"href":"https:\/\/africadeluxe.es\/fr\/wp-json\/wp\/v2\/pages"}],"about":[{"href":"https:\/\/africadeluxe.es\/fr\/wp-json\/wp\/v2\/types\/page"}],"author":[{"embeddable":true,"href":"https:\/\/africadeluxe.es\/fr\/wp-json\/wp\/v2\/users\/1"}],"replies":[{"embeddable":true,"href":"https:\/\/africadeluxe.es\/fr\/wp-json\/wp\/v2\/comments?post=2186"}],"version-history":[{"count":0,"href":"https:\/\/africadeluxe.es\/fr\/wp-json\/wp\/v2\/pages\/2186\/revisions"}],"wp:attachment":[{"href":"https:\/\/africadeluxe.es\/fr\/wp-json\/wp\/v2\/media?parent=2186"}],"curies":[{"name":"wp","href":"https:\/\/api.w.org\/{rel}","templated":true}]}}